{"id":989,"date":"2025-04-20T20:05:19","date_gmt":"2025-04-20T20:05:19","guid":{"rendered":"https:\/\/istanbulcafemutfak.com\/?post_type=product&#038;p=989"},"modified":"2025-04-20T20:05:57","modified_gmt":"2025-04-20T20:05:57","slug":"pilic-cevirme-makinasi-alim-satim","status":"publish","type":"product","link":"https:\/\/istanbulcafemutfak.com\/?product=pilic-cevirme-makinasi-alim-satim","title":{"rendered":"Pili\u00e7 \u00e7evirme makinasi al\u0131m sat\u0131m"},"content":{"rendered":"<p>Pili\u00e7 \u00e7evirme makinasi al\u0131m sat\u0131m, \u0130stanbul genelinde \u00e7evre illerden adresten\u00a0 pili\u00e7 pi\u015firme \u00e7evirme makinasi de\u011ferinde al\u0131n\u0131r sat\u0131l\u0131r,<\/p>\n<div id='gallery-1' class='gallery galleryid-989 gallery-columns-3 gallery-size-thumbnail'><figure class='gallery-item'>\n\t\t\t<div class='gallery-icon portrait'>\n\t\t\t\t<a href='https:\/\/istanbulcafemutfak.com\/?attachment_id=990'><img loading=\"lazy\" decoding=\"async\" width=\"150\" height=\"150\" src=\"https:\/\/istanbulcafemutfak.com\/wp-content\/uploads\/2025\/04\/IMG_20250307_103732-150x150.jpg\" class=\"attachment-thumbnail size-thumbnail\" alt=\"\" srcset=\"https:\/\/istanbulcafemutfak.com\/wp-content\/uploads\/2025\/04\/IMG_20250307_103732-150x150.jpg 150w, https:\/\/istanbulcafemutfak.com\/wp-content\/uploads\/2025\/04\/IMG_20250307_103732-300x300.jpg 300w, https:\/\/istanbulcafemutfak.com\/wp-content\/uploads\/2025\/04\/IMG_20250307_103732-100x100.jpg 100w\" sizes=\"auto, (max-width: 150px) 100vw, 150px\" \/><\/a>\n\t\t\t<\/div><\/figure><figure class='gallery-item'>\n\t\t\t<div class='gallery-icon portrait'>\n\t\t\t\t<a href='https:\/\/istanbulcafemutfak.com\/?attachment_id=991'><img loading=\"lazy\" decoding=\"async\" width=\"150\" height=\"150\" src=\"https:\/\/istanbulcafemutfak.com\/wp-content\/uploads\/2025\/04\/IMG_20250307_103758-150x150.jpg\" class=\"attachment-thumbnail size-thumbnail\" alt=\"\" srcset=\"https:\/\/istanbulcafemutfak.com\/wp-content\/uploads\/2025\/04\/IMG_20250307_103758-150x150.jpg 150w, https:\/\/istanbulcafemutfak.com\/wp-content\/uploads\/2025\/04\/IMG_20250307_103758-300x300.jpg 300w, https:\/\/istanbulcafemutfak.com\/wp-content\/uploads\/2025\/04\/IMG_20250307_103758-100x100.jpg 100w\" sizes=\"auto, (max-width: 150px) 100vw, 150px\" \/><\/a>\n\t\t\t<\/div><\/figure>\n\t\t<\/div>\n\n","protected":false},"excerpt":{"rendered":"<p>Pili\u00e7 \u00e7evirme makinasi al\u0131m sat\u0131m, \u0130stanbul genelinde \u00e7evre illerden adresten\u00a0 pili\u00e7 pi\u015firme \u00e7evirme makinasi de\u011ferinde al\u0131n\u0131r sat\u0131l\u0131r,<\/p>\n","protected":false},"featured_media":0,"comment_status":"open","ping_status":"closed","template":"","meta":[],"product_brand":[],"product_cat":[16],"product_tag":[],"class_list":{"0":"post-989","1":"product","2":"type-product","3":"status-publish","5":"product_cat-genel","7":"first","8":"instock","9":"shipping-taxable","10":"product-type-simple"},"yoast_head":"<!-- This site is optimized with the Yoast SEO plugin v26.8 - https:\/\/yoast.com\/product\/yoast-seo-wordpress\/ -->\n<title>Pili\u00e7 \u00e7evirme makinasi al\u0131m sat\u0131m - Cafe Mutfak - 05323997851<\/title>\n<meta name=\"robots\" content=\"index, follow, max-snippet:-1, max-image-preview:large, max-video-preview:-1\" \/>\n<link rel=\"canonical\" href=\"https:\/\/istanbulcafemutfak.com\/?product=pilic-cevirme-makinasi-alim-satim\" \/>\n<meta property=\"og:locale\" content=\"tr_TR\" \/>\n<meta property=\"og:type\" content=\"article\" \/>\n<meta property=\"og:title\" content=\"Pili\u00e7 \u00e7evirme makinasi al\u0131m sat\u0131m - Cafe Mutfak - 05323997851\" \/>\n<meta property=\"og:description\" content=\"Pili\u00e7 \u00e7evirme makinasi al\u0131m sat\u0131m, \u0130stanbul genelinde \u00e7evre illerden adresten\u00a0 pili\u00e7 pi\u015firme \u00e7evirme makinasi de\u011ferinde al\u0131n\u0131r sat\u0131l\u0131r,\" \/>\n<meta property=\"og:url\" content=\"https:\/\/istanbulcafemutfak.com\/?product=pilic-cevirme-makinasi-alim-satim\" \/>\n<meta property=\"og:site_name\" content=\"Cafe Mutfak - 05323997851\" \/>\n<meta property=\"article:modified_time\" content=\"2025-04-20T20:05:57+00:00\" \/>\n<meta property=\"og:image\" content=\"https:\/\/istanbulcafemutfak.com\/wp-content\/uploads\/2025\/04\/IMG_20250307_103732-150x150.jpg\" \/>\n<meta name=\"twitter:card\" content=\"summary_large_image\" \/>\n<meta name=\"twitter:label1\" content=\"Tahmini okuma s\u00fcresi\" \/>\n\t<meta name=\"twitter:data1\" content=\"1 dakika\" \/>\n<script type=\"application\/ld+json\" class=\"yoast-schema-graph\">{\"@context\":\"https:\/\/schema.org\",\"@graph\":[{\"@type\":\"WebPage\",\"@id\":\"https:\/\/istanbulcafemutfak.com\/?product=pilic-cevirme-makinasi-alim-satim\",\"url\":\"https:\/\/istanbulcafemutfak.com\/?product=pilic-cevirme-makinasi-alim-satim\",\"name\":\"Pili\u00e7 \u00e7evirme makinasi al\u0131m sat\u0131m - Cafe Mutfak - 05323997851\",\"isPartOf\":{\"@id\":\"https:\/\/istanbulcafemutfak.com\/#website\"},\"datePublished\":\"2025-04-20T20:05:19+00:00\",\"dateModified\":\"2025-04-20T20:05:57+00:00\",\"breadcrumb\":{\"@id\":\"https:\/\/istanbulcafemutfak.com\/?product=pilic-cevirme-makinasi-alim-satim#breadcrumb\"},\"inLanguage\":\"tr\",\"potentialAction\":[{\"@type\":\"ReadAction\",\"target\":[\"https:\/\/istanbulcafemutfak.com\/?product=pilic-cevirme-makinasi-alim-satim\"]}]},{\"@type\":\"BreadcrumbList\",\"@id\":\"https:\/\/istanbulcafemutfak.com\/?product=pilic-cevirme-makinasi-alim-satim#breadcrumb\",\"itemListElement\":[{\"@type\":\"ListItem\",\"position\":1,\"name\":\"Ana sayfa\",\"item\":\"https:\/\/istanbulcafemutfak.com\/\"},{\"@type\":\"ListItem\",\"position\":2,\"name\":\"Ma\u011faza\",\"item\":\"https:\/\/istanbulcafemutfak.com\/\"},{\"@type\":\"ListItem\",\"position\":3,\"name\":\"Pili\u00e7 \u00e7evirme makinasi al\u0131m sat\u0131m\"}]},{\"@type\":\"WebSite\",\"@id\":\"https:\/\/istanbulcafemutfak.com\/#website\",\"url\":\"https:\/\/istanbulcafemutfak.com\/\",\"name\":\"Cafe Mutfak - 05323997851\",\"description\":\"Fahri \u015eahin&uuml;&ccedil;er - 0532 - 399 - 7851 , ikinci el cafe restorant lokanta yemekhane mutfak malzemeleri vs,al\u0131m  sat\u0131m\",\"potentialAction\":[{\"@type\":\"SearchAction\",\"target\":{\"@type\":\"EntryPoint\",\"urlTemplate\":\"https:\/\/istanbulcafemutfak.com\/?s={search_term_string}\"},\"query-input\":{\"@type\":\"PropertyValueSpecification\",\"valueRequired\":true,\"valueName\":\"search_term_string\"}}],\"inLanguage\":\"tr\"}]}<\/script>\n<!-- \/ Yoast SEO plugin. -->","yoast_head_json":{"title":"Pili\u00e7 \u00e7evirme makinasi al\u0131m sat\u0131m - Cafe Mutfak - 05323997851","robots":{"index":"index","follow":"follow","max-snippet":"max-snippet:-1","max-image-preview":"max-image-preview:large","max-video-preview":"max-video-preview:-1"},"canonical":"https:\/\/istanbulcafemutfak.com\/?product=pilic-cevirme-makinasi-alim-satim","og_locale":"tr_TR","og_type":"article","og_title":"Pili\u00e7 \u00e7evirme makinasi al\u0131m sat\u0131m - Cafe Mutfak - 05323997851","og_description":"Pili\u00e7 \u00e7evirme makinasi al\u0131m sat\u0131m, \u0130stanbul genelinde \u00e7evre illerden adresten\u00a0 pili\u00e7 pi\u015firme \u00e7evirme makinasi de\u011ferinde al\u0131n\u0131r sat\u0131l\u0131r,","og_url":"https:\/\/istanbulcafemutfak.com\/?product=pilic-cevirme-makinasi-alim-satim","og_site_name":"Cafe Mutfak - 05323997851","article_modified_time":"2025-04-20T20:05:57+00:00","og_image":[{"url":"https:\/\/istanbulcafemutfak.com\/wp-content\/uploads\/2025\/04\/IMG_20250307_103732-150x150.jpg","type":"","width":"","height":""}],"twitter_card":"summary_large_image","twitter_misc":{"Tahmini okuma s\u00fcresi":"1 dakika"},"schema":{"@context":"https:\/\/schema.org","@graph":[{"@type":"WebPage","@id":"https:\/\/istanbulcafemutfak.com\/?product=pilic-cevirme-makinasi-alim-satim","url":"https:\/\/istanbulcafemutfak.com\/?product=pilic-cevirme-makinasi-alim-satim","name":"Pili\u00e7 \u00e7evirme makinasi al\u0131m sat\u0131m - Cafe Mutfak - 05323997851","isPartOf":{"@id":"https:\/\/istanbulcafemutfak.com\/#website"},"datePublished":"2025-04-20T20:05:19+00:00","dateModified":"2025-04-20T20:05:57+00:00","breadcrumb":{"@id":"https:\/\/istanbulcafemutfak.com\/?product=pilic-cevirme-makinasi-alim-satim#breadcrumb"},"inLanguage":"tr","potentialAction":[{"@type":"ReadAction","target":["https:\/\/istanbulcafemutfak.com\/?product=pilic-cevirme-makinasi-alim-satim"]}]},{"@type":"BreadcrumbList","@id":"https:\/\/istanbulcafemutfak.com\/?product=pilic-cevirme-makinasi-alim-satim#breadcrumb","itemListElement":[{"@type":"ListItem","position":1,"name":"Ana sayfa","item":"https:\/\/istanbulcafemutfak.com\/"},{"@type":"ListItem","position":2,"name":"Ma\u011faza","item":"https:\/\/istanbulcafemutfak.com\/"},{"@type":"ListItem","position":3,"name":"Pili\u00e7 \u00e7evirme makinasi al\u0131m sat\u0131m"}]},{"@type":"WebSite","@id":"https:\/\/istanbulcafemutfak.com\/#website","url":"https:\/\/istanbulcafemutfak.com\/","name":"Cafe Mutfak - 05323997851","description":"Fahri \u015eahin&uuml;&ccedil;er - 0532 - 399 - 7851 , ikinci el cafe restorant lokanta yemekhane mutfak malzemeleri vs,al\u0131m  sat\u0131m","potentialAction":[{"@type":"SearchAction","target":{"@type":"EntryPoint","urlTemplate":"https:\/\/istanbulcafemutfak.com\/?s={search_term_string}"},"query-input":{"@type":"PropertyValueSpecification","valueRequired":true,"valueName":"search_term_string"}}],"inLanguage":"tr"}]}},"_links":{"self":[{"href":"https:\/\/istanbulcafemutfak.com\/index.php?rest_route=\/wp\/v2\/product\/989","targetHints":{"allow":["GET"]}}],"collection":[{"href":"https:\/\/istanbulcafemutfak.com\/index.php?rest_route=\/wp\/v2\/product"}],"about":[{"href":"https:\/\/istanbulcafemutfak.com\/index.php?rest_route=\/wp\/v2\/types\/product"}],"replies":[{"embeddable":true,"href":"https:\/\/istanbulcafemutfak.com\/index.php?rest_route=%2Fwp%2Fv2%2Fcomments&post=989"}],"wp:attachment":[{"href":"https:\/\/istanbulcafemutfak.com\/index.php?rest_route=%2Fwp%2Fv2%2Fmedia&parent=989"}],"wp:term":[{"taxonomy":"product_brand","embeddable":true,"href":"https:\/\/istanbulcafemutfak.com\/index.php?rest_route=%2Fwp%2Fv2%2Fproduct_brand&post=989"},{"taxonomy":"product_cat","embeddable":true,"href":"https:\/\/istanbulcafemutfak.com\/index.php?rest_route=%2Fwp%2Fv2%2Fproduct_cat&post=989"},{"taxonomy":"product_tag","embeddable":true,"href":"https:\/\/istanbulcafemutfak.com\/index.php?rest_route=%2Fwp%2Fv2%2Fproduct_tag&post=989"}],"curies":[{"name":"wp","href":"https:\/\/api.w.org\/{rel}","templated":true}]}}