{"id":190,"date":"2019-03-20T07:25:09","date_gmt":"2019-03-20T07:25:09","guid":{"rendered":"http:\/\/istanbulcafemutfak.com\/?post_type=product&#038;p=190"},"modified":"2019-03-20T07:25:09","modified_gmt":"2019-03-20T07:25:09","slug":"urun-15","status":"publish","type":"product","link":"https:\/\/istanbulcafemutfak.com\/?product=urun-15","title":{"rendered":"\u00dcr\u00fcn 15"},"content":{"rendered":"","protected":false},"excerpt":{"rendered":"","protected":false},"featured_media":175,"comment_status":"open","ping_status":"closed","template":"","meta":[],"product_brand":[],"product_cat":[16],"product_tag":[],"class_list":{"0":"post-190","1":"product","2":"type-product","3":"status-publish","4":"has-post-thumbnail","6":"product_cat-genel","8":"first","9":"instock","10":"shipping-taxable","11":"product-type-simple"},"yoast_head":"<!-- This site is optimized with the Yoast SEO plugin v26.8 - https:\/\/yoast.com\/product\/yoast-seo-wordpress\/ -->\n<title>\u00dcr\u00fcn 15 - Cafe Mutfak - 05323997851<\/title>\n<meta name=\"robots\" content=\"index, follow, max-snippet:-1, max-image-preview:large, max-video-preview:-1\" \/>\n<link rel=\"canonical\" href=\"https:\/\/istanbulcafemutfak.com\/?product=urun-15\" \/>\n<meta property=\"og:locale\" content=\"tr_TR\" \/>\n<meta property=\"og:type\" content=\"article\" \/>\n<meta property=\"og:title\" content=\"\u00dcr\u00fcn 15 - Cafe Mutfak - 05323997851\" \/>\n<meta property=\"og:url\" content=\"https:\/\/istanbulcafemutfak.com\/?product=urun-15\" \/>\n<meta property=\"og:site_name\" content=\"Cafe Mutfak - 05323997851\" \/>\n<meta property=\"og:image\" content=\"https:\/\/istanbulcafemutfak.com\/wp-content\/uploads\/2019\/03\/WhatsApp-Image-2019-03-18-at-18.16.13-2.jpeg\" \/>\n\t<meta property=\"og:image:width\" content=\"1196\" \/>\n\t<meta property=\"og:image:height\" content=\"1600\" \/>\n\t<meta property=\"og:image:type\" content=\"image\/jpeg\" \/>\n<meta name=\"twitter:card\" content=\"summary_large_image\" \/>\n<script type=\"application\/ld+json\" class=\"yoast-schema-graph\">{\"@context\":\"https:\/\/schema.org\",\"@graph\":[{\"@type\":\"WebPage\",\"@id\":\"https:\/\/istanbulcafemutfak.com\/?product=urun-15\",\"url\":\"https:\/\/istanbulcafemutfak.com\/?product=urun-15\",\"name\":\"\u00dcr\u00fcn 15 - Cafe Mutfak - 05323997851\",\"isPartOf\":{\"@id\":\"https:\/\/istanbulcafemutfak.com\/#website\"},\"primaryImageOfPage\":{\"@id\":\"https:\/\/istanbulcafemutfak.com\/?product=urun-15#primaryimage\"},\"image\":{\"@id\":\"https:\/\/istanbulcafemutfak.com\/?product=urun-15#primaryimage\"},\"thumbnailUrl\":\"https:\/\/istanbulcafemutfak.com\/wp-content\/uploads\/2019\/03\/WhatsApp-Image-2019-03-18-at-18.16.13-2.jpeg\",\"datePublished\":\"2019-03-20T07:25:09+00:00\",\"breadcrumb\":{\"@id\":\"https:\/\/istanbulcafemutfak.com\/?product=urun-15#breadcrumb\"},\"inLanguage\":\"tr\",\"potentialAction\":[{\"@type\":\"ReadAction\",\"target\":[\"https:\/\/istanbulcafemutfak.com\/?product=urun-15\"]}]},{\"@type\":\"ImageObject\",\"inLanguage\":\"tr\",\"@id\":\"https:\/\/istanbulcafemutfak.com\/?product=urun-15#primaryimage\",\"url\":\"https:\/\/istanbulcafemutfak.com\/wp-content\/uploads\/2019\/03\/WhatsApp-Image-2019-03-18-at-18.16.13-2.jpeg\",\"contentUrl\":\"https:\/\/istanbulcafemutfak.com\/wp-content\/uploads\/2019\/03\/WhatsApp-Image-2019-03-18-at-18.16.13-2.jpeg\",\"width\":1196,\"height\":1600},{\"@type\":\"BreadcrumbList\",\"@id\":\"https:\/\/istanbulcafemutfak.com\/?product=urun-15#breadcrumb\",\"itemListElement\":[{\"@type\":\"ListItem\",\"position\":1,\"name\":\"Ana sayfa\",\"item\":\"https:\/\/istanbulcafemutfak.com\/\"},{\"@type\":\"ListItem\",\"position\":2,\"name\":\"Ma\u011faza\",\"item\":\"https:\/\/istanbulcafemutfak.com\/\"},{\"@type\":\"ListItem\",\"position\":3,\"name\":\"\u00dcr\u00fcn 15\"}]},{\"@type\":\"WebSite\",\"@id\":\"https:\/\/istanbulcafemutfak.com\/#website\",\"url\":\"https:\/\/istanbulcafemutfak.com\/\",\"name\":\"Cafe Mutfak - 05323997851\",\"description\":\"Fahri \u015eahin&uuml;&ccedil;er - 0532 - 399 - 7851 , ikinci el cafe restorant lokanta yemekhane mutfak malzemeleri vs,al\u0131m  sat\u0131m\",\"potentialAction\":[{\"@type\":\"SearchAction\",\"target\":{\"@type\":\"EntryPoint\",\"urlTemplate\":\"https:\/\/istanbulcafemutfak.com\/?s={search_term_string}\"},\"query-input\":{\"@type\":\"PropertyValueSpecification\",\"valueRequired\":true,\"valueName\":\"search_term_string\"}}],\"inLanguage\":\"tr\"}]}<\/script>\n<!-- \/ Yoast SEO plugin. -->","yoast_head_json":{"title":"\u00dcr\u00fcn 15 - Cafe Mutfak - 05323997851","robots":{"index":"index","follow":"follow","max-snippet":"max-snippet:-1","max-image-preview":"max-image-preview:large","max-video-preview":"max-video-preview:-1"},"canonical":"https:\/\/istanbulcafemutfak.com\/?product=urun-15","og_locale":"tr_TR","og_type":"article","og_title":"\u00dcr\u00fcn 15 - Cafe Mutfak - 05323997851","og_url":"https:\/\/istanbulcafemutfak.com\/?product=urun-15","og_site_name":"Cafe Mutfak - 05323997851","og_image":[{"width":1196,"height":1600,"url":"https:\/\/istanbulcafemutfak.com\/wp-content\/uploads\/2019\/03\/WhatsApp-Image-2019-03-18-at-18.16.13-2.jpeg","type":"image\/jpeg"}],"twitter_card":"summary_large_image","schema":{"@context":"https:\/\/schema.org","@graph":[{"@type":"WebPage","@id":"https:\/\/istanbulcafemutfak.com\/?product=urun-15","url":"https:\/\/istanbulcafemutfak.com\/?product=urun-15","name":"\u00dcr\u00fcn 15 - Cafe Mutfak - 05323997851","isPartOf":{"@id":"https:\/\/istanbulcafemutfak.com\/#website"},"primaryImageOfPage":{"@id":"https:\/\/istanbulcafemutfak.com\/?product=urun-15#primaryimage"},"image":{"@id":"https:\/\/istanbulcafemutfak.com\/?product=urun-15#primaryimage"},"thumbnailUrl":"https:\/\/istanbulcafemutfak.com\/wp-content\/uploads\/2019\/03\/WhatsApp-Image-2019-03-18-at-18.16.13-2.jpeg","datePublished":"2019-03-20T07:25:09+00:00","breadcrumb":{"@id":"https:\/\/istanbulcafemutfak.com\/?product=urun-15#breadcrumb"},"inLanguage":"tr","potentialAction":[{"@type":"ReadAction","target":["https:\/\/istanbulcafemutfak.com\/?product=urun-15"]}]},{"@type":"ImageObject","inLanguage":"tr","@id":"https:\/\/istanbulcafemutfak.com\/?product=urun-15#primaryimage","url":"https:\/\/istanbulcafemutfak.com\/wp-content\/uploads\/2019\/03\/WhatsApp-Image-2019-03-18-at-18.16.13-2.jpeg","contentUrl":"https:\/\/istanbulcafemutfak.com\/wp-content\/uploads\/2019\/03\/WhatsApp-Image-2019-03-18-at-18.16.13-2.jpeg","width":1196,"height":1600},{"@type":"BreadcrumbList","@id":"https:\/\/istanbulcafemutfak.com\/?product=urun-15#breadcrumb","itemListElement":[{"@type":"ListItem","position":1,"name":"Ana sayfa","item":"https:\/\/istanbulcafemutfak.com\/"},{"@type":"ListItem","position":2,"name":"Ma\u011faza","item":"https:\/\/istanbulcafemutfak.com\/"},{"@type":"ListItem","position":3,"name":"\u00dcr\u00fcn 15"}]},{"@type":"WebSite","@id":"https:\/\/istanbulcafemutfak.com\/#website","url":"https:\/\/istanbulcafemutfak.com\/","name":"Cafe Mutfak - 05323997851","description":"Fahri \u015eahin&uuml;&ccedil;er - 0532 - 399 - 7851 , ikinci el cafe restorant lokanta yemekhane mutfak malzemeleri vs,al\u0131m  sat\u0131m","potentialAction":[{"@type":"SearchAction","target":{"@type":"EntryPoint","urlTemplate":"https:\/\/istanbulcafemutfak.com\/?s={search_term_string}"},"query-input":{"@type":"PropertyValueSpecification","valueRequired":true,"valueName":"search_term_string"}}],"inLanguage":"tr"}]}},"_links":{"self":[{"href":"https:\/\/istanbulcafemutfak.com\/index.php?rest_route=\/wp\/v2\/product\/190","targetHints":{"allow":["GET"]}}],"collection":[{"href":"https:\/\/istanbulcafemutfak.com\/index.php?rest_route=\/wp\/v2\/product"}],"about":[{"href":"https:\/\/istanbulcafemutfak.com\/index.php?rest_route=\/wp\/v2\/types\/product"}],"replies":[{"embeddable":true,"href":"https:\/\/istanbulcafemutfak.com\/index.php?rest_route=%2Fwp%2Fv2%2Fcomments&post=190"}],"wp:featuredmedia":[{"embeddable":true,"href":"https:\/\/istanbulcafemutfak.com\/index.php?rest_route=\/wp\/v2\/media\/175"}],"wp:attachment":[{"href":"https:\/\/istanbulcafemutfak.com\/index.php?rest_route=%2Fwp%2Fv2%2Fmedia&parent=190"}],"wp:term":[{"taxonomy":"product_brand","embeddable":true,"href":"https:\/\/istanbulcafemutfak.com\/index.php?rest_route=%2Fwp%2Fv2%2Fproduct_brand&post=190"},{"taxonomy":"product_cat","embeddable":true,"href":"https:\/\/istanbulcafemutfak.com\/index.php?rest_route=%2Fwp%2Fv2%2Fproduct_cat&post=190"},{"taxonomy":"product_tag","embeddable":true,"href":"https:\/\/istanbulcafemutfak.com\/index.php?rest_route=%2Fwp%2Fv2%2Fproduct_tag&post=190"}],"curies":[{"name":"wp","href":"https:\/\/api.w.org\/{rel}","templated":true}]}}